{"id":3,"date":"2023-05-18T16:51:04","date_gmt":"2023-05-18T16:51:04","guid":{"rendered":"https:\/\/cybran.it\/?page_id=3"},"modified":"2023-05-19T08:44:27","modified_gmt":"2023-05-19T08:44:27","slug":"privacy-policy","status":"publish","type":"page","link":"https:\/\/www.cybran.it\/cybran_wp\/privacy-policy\/","title":{"rendered":"Privacy Policy"},"content":{"rendered":"<section  class='av_textblock_section av-lhub8lz7-25341f507504bf7c890c639255ac744b '   itemscope=\"itemscope\" itemtype=\"https:\/\/schema.org\/CreativeWork\" ><div class='avia_textblock'  itemprop=\"text\" ><\/p>\n<p><strong>NFORMAZIONI SUL TRATTAMENTO DEI DATI PERSONALI<br \/><\/strong><strong>degli Utenti che consultano il sito web di\u00a0<a>Ildebrando Aldrovandi<\/a><\/strong><\/p>\n<p><strong>ai sensi dell\u2019articolo 13 del Regolamento (UE) 2016\/679<\/strong><\/p>\n<p><strong>PERCH\u00c9 QUESTA INFORMATIVA<\/strong><\/p>\n<p>Ai sensi\u00a0del Regolamento (UE) 2016\/679 (di seguito \u201cRegolamento\u201d), questa pagina descrive le modalit\u00e0 di trattamento dei dati personali degli Utenti che consultano questo sito, accessibili per via telematica al seguente indirizzo:\u00a0<a>www.cybran.it<\/a><\/p>\n<p><strong>TITOLARE DEL TRATTAMENTO<\/strong><\/p>\n<p>A seguito della consultazione del sito sopra elencato, possono essere trattati dati relativi a persone fisiche identificate o identificabili.<\/p>\n<p>Titolare del trattamento \u00e8\u00a0<a>Ildebrando Aldrovandi<\/a>, con sede in Via del Roccolo 18 &#8211; 31014 Colle Umberto (TV), mail: <a href=\"mailto:ildebrando.aldrovandi@cybran.it\">ildebrando.aldrovandi@cybran.it<\/a> , Tel 338 737 2855<\/p>\n<p>Il titolare del trattamento \u00e8 contattabile all\u2019indirizzo <a href=\"mailto:ildebrando.aldrovandi@cybran.it\">ildebrando.aldrovandi@cybran.it<\/a><\/p>\n<p><strong>FINALIT\u00c0 E BASE GIURIDICA DEL TRATTAMENTO<\/strong><\/p>\n<p>I dati personali indicati in questa pagina sono trattati da\u00a0<a>Ildebrando Aldrovandi<\/a>\u00a0per illustrare i servizi forniti e le attivit\u00e0 svolte, promuovere e favorire un canale di contatto con gli Utenti.<\/p>\n<p>Il trattamento dei dati personali forniti in sede di registrazione (nome, cognome, luogo e data di nascita, recapito telefonico, mail e citt\u00e0 di residenza o domicilio) \u00e8 finalizzato unicamente a consentire al Titolare di fornire i servizi richiesti, nonch\u00e9 per contattare l\u2019utente.<\/p>\n<p>I dati potranno essere conosciuti da dipendenti e collaboratori di\u00a0<a>Ildebrando Aldrovandi<\/a> debitamente istruiti circa le cautele e le garanzie da adottare nel trattamento delle informazioni in questione, nonch\u00e9 da soggetti terzi che prestano servizi accessori o strumentali all\u2019attivit\u00e0 di\u00a0<strong><a>Ildebrando Aldrovandi<\/a><\/strong>\u00a0con i quali sono stati sottoscritti accordi specifici in adempimento di quanto prescritto dalla Normativa applicabile<strong>.<\/strong><\/p>\n<p><a><strong>Base giuridica<\/strong><\/a>: legittimo interesse del titolare, in relazione alla diffusione di informazioni per le finalit\u00e0 sopra descritte.<\/p>\n<p><strong>TIPI DI DATI TRATTATI E FINALIT\u00c0 DEL TRATTAMENTO<\/strong><\/p>\n<p><em>Dati di navigazione\u00a0<\/em><\/p>\n<p>I sistemi informatici e le procedure software preposte al funzionamento di questo sito acquisiscono, nel corso del loro normale esercizio, alcuni dati personali la cui trasmissione \u00e8 implicita nell\u2019uso dei protocolli di comunicazione di Internet.<\/p>\n<p>In questa categoria di dati rientrano gli indirizzi IP o i nomi a dominio dei computer e dei terminali utilizzati dagli Utenti, gli indirizzi in notazione URI\/URL (Uniform Resource Identifier\/Locator) delle risorse richieste, l\u2019orario della richiesta, il metodo utilizzato nel sottoporre la richiesta al server, la dimensione del file ottenuto in risposta, il codice numerico indicante lo stato della risposta data dal server (buon fine, errore ecc.) e altri parametri relativi al sistema operativo e all\u2019ambiente informatico dell\u2019utente.<\/p>\n<p>Tali dati, necessari per la fruizione dei servizi web, vengono anche trattati allo scopo di:<\/p>\n<ul>\n<li>ottenere informazioni statistiche sull\u2019uso dei servizi (pagine pi\u00f9 visitate, numero di visitatori per fascia oraria o giornaliera, aree geografiche di provenienza ecc.);<\/li>\n<li>controllare il corretto funzionamento dei servizi offerti.<\/li>\n<\/ul>\n<p>I dati di navigazione persistono per un periodo di sette giorni (salve eventuali necessit\u00e0 di accertamento di reati da parte dell\u2019Autorit\u00e0 giudiziaria).<\/p>\n<p><em>Dati comunicati dall\u2019Utente<\/em><\/p>\n<p>L\u2019invio facoltativo, esplicito e volontario di messaggi agli indirizzi di contatto di\u00a0<a>Ildebrando Aldrovandi<\/a>, i messaggi privati inviati dagli utenti ai profili\/pagine istituzionali sui social media, nonch\u00e9 la compilazione e l\u2019inoltro dei moduli presenti sul sito, comportano l\u2019acquisizione dei dati di contatto del mittente, necessari a rispondere, nonch\u00e9 di tutti i dati personali inclusi nelle comunicazioni.<\/p>\n<p>Specifiche informative sono pubblicate nella sezione del sito o nella pagina dedicata (ad esempio: \u201cContatti\u201d).<\/p>\n<p><em>Cookie e altri sistemi di tracciamento<\/em><\/p>\n<p>Non viene fatto uso di cookie per la profilazione degli utenti, n\u00e9 vengono impiegati altri metodi di tracciamento.<\/p>\n<p>Viene invece fatto uso di cookie di sessione (non persistenti) in modo strettamente limitato a quanto necessario per la navigazione sicura ed efficiente dei siti. La memorizzazione dei cookie di sessione nei terminali o nei browser \u00e8 sotto il controllo dell\u2019utente, laddove sui server, al termine delle sessioni HTTP, informazioni relative ai cookie restano registrate nei log dei servizi, con tempi di conservazione comunque non superiori ai sette giorni al pari degli altri dati di navigazione.<\/p>\n<p><strong>DESTINATARI DEI DATI<\/strong><\/p>\n<p>Sono destinatari dei dati raccolti a seguito della consultazione dei siti sopra elencati i seguenti soggetti designati dal Titolare, ai sensi dell\u2019articolo 28 del Regolamento, quali responsabili del trattamento:<\/p>\n<ul>\n<li>\u00a0fornitore dei servizi di sviluppo e manutenzione della piattaforma web;<\/li>\n<\/ul>\n<ul>\n<li>\u00a0fornitore dei servizi di sviluppo, erogazione e gestione operativa delle piattaforme tecnologiche impiegate.<\/li>\n<\/ul>\n<p>I dati personali raccolti sono altres\u00ec trattati dal personale e\/o dai collaboratori di <a>Ildebrando Aldrovandi<\/a>\u00a0che agisce sulla base di specifiche istruzioni\/autorizzazioni fornite in ordine a finalit\u00e0 e modalit\u00e0 del trattamento stesso.<\/p>\n<p><strong>DIRITTI DEGLI INTERESSATI<\/strong><\/p>\n<p>Gli interessati hanno il diritto di ottenere dal Titolare, nei casi previsti, l\u2019accesso ai propri dati personali e la rettifica o la cancellazione degli stessi, la limitazione del trattamento che li riguarda o di opporsi al trattamento (artt. 15 e ss. del Regolamento).\u00a0<a href=\"https:\/\/www.garanteprivacy.it\/home\/modulistica-e-servizi-online#diritti\">L\u2019apposita istanza<\/a>\u00a0sar\u00e0 accessibile tramite modulo esercizio diritti degli interessati (con apposito link) da inoltrare a\u00a0<a>Ildebrando Aldrovandi<\/a>, contattando l\u2019indirizzo <a href=\"mailto:ildebrando.aldrovandi@cybran.it\">ildebrando.aldrovandi@cybran.it<\/a><\/p>\n<p><strong>DIRITTO DI RECLAMO<\/strong><\/p>\n<p>Gli interessati che ritengono che il trattamento dei dati personali a loro riferiti, effettuato attraverso questo sito, avvenga in violazione di quanto previsto dal Regolamento, hanno il diritto di proporre reclamo a un\u2019Autorit\u00e0 di controllo, come previsto dall\u2019art. 77 del Regolamento stesso, o di adire le opportune sedi giudiziarie (art. 79 del Regolamento).<\/p>\n<p><strong><u>CIRCOLARE SITO INTERNET RIFERIMENTI DPO<\/u><\/strong><\/p>\n<p>Si comunica che lo studio legale, in adempimento dell\u2019art. 37 reg. UE n\u00b0 679\/ 2016 (GDPR) ha provveduto a designare il responsabile della protezione dei dati personali (Data Protection Officer- DPO).<\/p>\n<p>I dati di contatto del D.P.O. sono i seguenti:<\/p>\n<ul>\n<li>E-mail: <a href=\"mailto:ildebrando.aldrovandi@cybran.it\">ildebrando.aldrovandi@cybran.it<\/a><\/li>\n<li>Telefono 338 737 2855<\/li>\n<\/ul>\n<p><\/p>\n<\/div><\/section>","protected":false},"excerpt":{"rendered":"","protected":false},"author":3,"featured_media":0,"parent":0,"menu_order":0,"comment_status":"closed","ping_status":"closed","template":"","meta":{"footnotes":""},"class_list":["post-3","page","type-page","status-publish","hentry"],"_links":{"self":[{"href":"https:\/\/www.cybran.it\/cybran_wp\/wp-json\/wp\/v2\/pages\/3","targetHints":{"allow":["GET"]}}],"collection":[{"href":"https:\/\/www.cybran.it\/cybran_wp\/wp-json\/wp\/v2\/pages"}],"about":[{"href":"https:\/\/www.cybran.it\/cybran_wp\/wp-json\/wp\/v2\/types\/page"}],"author":[{"embeddable":true,"href":"https:\/\/www.cybran.it\/cybran_wp\/wp-json\/wp\/v2\/users\/3"}],"replies":[{"embeddable":true,"href":"https:\/\/www.cybran.it\/cybran_wp\/wp-json\/wp\/v2\/comments?post=3"}],"version-history":[{"count":0,"href":"https:\/\/www.cybran.it\/cybran_wp\/wp-json\/wp\/v2\/pages\/3\/revisions"}],"wp:attachment":[{"href":"https:\/\/www.cybran.it\/cybran_wp\/wp-json\/wp\/v2\/media?parent=3"}],"curies":[{"name":"wp","href":"https:\/\/api.w.org\/{rel}","templated":true}]}}